
{"id":1280,"date":"2026-04-19T17:43:51","date_gmt":"2026-04-19T17:43:51","guid":{"rendered":"https:\/\/tlalixpan.com\/?post_type=product&#038;p=1280"},"modified":"2026-04-20T00:01:49","modified_gmt":"2026-04-20T00:01:49","slug":"semilla-de-girasol-100-grs","status":"publish","type":"product","link":"https:\/\/tlalixpan.com\/?product=semilla-de-girasol-100-grs","title":{"rendered":"Semilla de Girasol 100 grs"},"content":{"rendered":"<h2>Semilla de girasol, sin cascara<\/h2>\n<p>n<\/p>\n<h4>&#8211; Presentaci\u00f3n a granel 100grs.<\/h4>\n<p>nAgroecol\u00f3gica producida en el estado de M\u00e9xico, se vende sin cascara. 30 grs de semillas tienen 5.5 grs de prote\u00ednas; contienen \u00e1cido pantot\u00e9nico y f\u00f3lico, vitaminas E, B3 y B6, minerales como Hierro, Magnesio, Zinc, Cobre, Manganeso y Selenio, por su composici\u00f3n generan muchos antioxidantes.<br \/>\nn<br \/>\nnSu alto contenido de vit. E y Selenio, le dan un gran aporte de antioxidantes lo cual ayuda a las celulas a evitar el da\u00f1o causado por los radicales libres, que provocan enfermedades cr\u00f3nicas. Otros antioxidantes con los que cuenta son los \u00e1cidos fen\u00f3licos y flovonoides, estos \u00faltimos pueden servir para reducir inflamaciones. En general estos antioxidantes ayudan a mantener una piel sana y jov\u00e9n.<br \/>\nn<br \/>\nnTambi\u00e9n gracias a sus encimas y al magnesio puede ayudar a bajar la presi\u00f3n sanguinea, junto con el \u00e1cido linole\u00edco, puede ayudar a reducir trigliceridos y colesterol &#8220;malo&#8221;. Es un alimento bueno en su ingesta diaria (en una dieta saludable) en personas con diabetes, para ayudar a reducir la azucar en sangre.<br \/>\nn<br \/>\nnPuedes consumirlas directo, hacer mezclas con otras <a href=\"https:\/\/tlalixpan.com\/frutos-secos\/\">nueces y frutos secos<\/a>, como energizantes o botanas, preparar barras energ\u00e9ticas con ellas, agregarlas a ensaladas, cereal, yogurt o fruta, en guisados o frituras con vegetales, en hamburguesas veganas, sopas, pestos, para elaborar lechadas, crema (mantequilla) o molerlas un poco para empanizar. Adem\u00e1s de poder usarlas en panader\u00eda.<br \/>\nn<br \/>\nnPara leer m\u00e1s: <a href=\"https:\/\/www.tuasaude.com\/es\/semillas-de-girasol\/\">semillas de girasol, beneficos y propiedades<\/a><\/p>\n","protected":false},"excerpt":{"rendered":"<p>Semilla de girasol agroecol\u00f3gica sin cascara, producida en el Estado de M\u00e9xico, es un alimento altamente nutritivo, con compuestos que funcionan como antioxidantes y precursores hormonales, apto para personas diab\u00e9ticas, veganas y vegetarianas.<br \/>\nn<br \/>\nn&nbsp;<\/p>\n","protected":false},"featured_media":0,"comment_status":"open","ping_status":"closed","template":"","meta":[],"product_brand":[],"product_cat":[516],"product_tag":[],"class_list":{"0":"post-1280","1":"product","2":"type-product","3":"status-publish","5":"product_cat-cereales-y-semillas-granos-y-derivados-productos-alimenticios","7":"first","8":"instock","9":"shipping-taxable","10":"purchasable","11":"product-type-simple"},"_links":{"self":[{"href":"https:\/\/tlalixpan.com\/index.php?rest_route=\/wp\/v2\/product\/1280","targetHints":{"allow":["GET"]}}],"collection":[{"href":"https:\/\/tlalixpan.com\/index.php?rest_route=\/wp\/v2\/product"}],"about":[{"href":"https:\/\/tlalixpan.com\/index.php?rest_route=\/wp\/v2\/types\/product"}],"replies":[{"embeddable":true,"href":"https:\/\/tlalixpan.com\/index.php?rest_route=%2Fwp%2Fv2%2Fcomments&post=1280"}],"wp:attachment":[{"href":"https:\/\/tlalixpan.com\/index.php?rest_route=%2Fwp%2Fv2%2Fmedia&parent=1280"}],"wp:term":[{"taxonomy":"product_brand","embeddable":true,"href":"https:\/\/tlalixpan.com\/index.php?rest_route=%2Fwp%2Fv2%2Fproduct_brand&post=1280"},{"taxonomy":"product_cat","embeddable":true,"href":"https:\/\/tlalixpan.com\/index.php?rest_route=%2Fwp%2Fv2%2Fproduct_cat&post=1280"},{"taxonomy":"product_tag","embeddable":true,"href":"https:\/\/tlalixpan.com\/index.php?rest_route=%2Fwp%2Fv2%2Fproduct_tag&post=1280"}],"curies":[{"name":"wp","href":"https:\/\/api.w.org\/{rel}","templated":true}]}}