
{"id":1271,"date":"2026-04-19T17:42:24","date_gmt":"2026-04-19T17:42:24","guid":{"rendered":"https:\/\/tlalixpan.com\/?post_type=product&#038;p=1271"},"modified":"2026-04-20T00:01:37","modified_gmt":"2026-04-20T00:01:37","slug":"ajonjoli-negro-100grs","status":"publish","type":"product","link":"https:\/\/tlalixpan.com\/?product=ajonjoli-negro-100grs","title":{"rendered":"Ajonjol\u00ed Negro 100grs"},"content":{"rendered":"<h3>Ajonjol\u00ed Negro<\/h3>\n<p>n<\/p>\n<h4>&#8211; Presentaci\u00f3n a granel 100 GRS<\/h4>\n<p>nAgroecol\u00f3gico producido en Guerrero. Estas semillas de <em>Sesamum indicum, <\/em>y por lo tanto conocidas como sesamo en otras partes del mundo, est\u00e1n llenas de nutrientes y grasas buenas, tan solo 14 gramos (2 cucharaditas) tienen 3 gramos de prote\u00ednas, adem\u00e1s contienen fibra y minerales como: Calcio, Magnesio, F\u00f3sforo, Manganeso, Hierro, Zinc y en especial Cobre (m\u00e1s del 80% del valor diario necesario)<br \/>\nn<br \/>\nnEstos micronutrientes minerales como el Hierro, Manganeso y el cobre est\u00e1n relacionados con la reculaci\u00f3n del metabolismo, la funci\u00f3n celular, el sistema inmune y la circulaci\u00f3n del \u00f3xigeno en el cuerpo. En personas que presentan enfermedades cr\u00f3nicas, puede ser ben\u00e9fico, por sus efectos en el estr\u00e9s oxidativo, pues se ha visto que tiene efecto sobre el Malodiald\u00e9hido (subproducto del estr\u00e9s oxidativo), que es mut\u00e1geno y cancerigeno. El consumo diario de ajonjol\u00ed negro, ha mostrado efecto ben\u00e9ficos en la presi\u00f3n sangu\u00ednea. Adem\u00e1s algunos estudios muestran que pueden tener propiedades anticancer\u00edgenas<br \/>\nn<br \/>\nnPueden contener mayor cantidad de ligninas y \u00e1cidos grasos no saturados ben\u00e9ficos que la variedad blanca, tienen muchos antioxidantes y por sus minerales ayudan a mantener la salud de cabello y piel.<br \/>\nn<br \/>\nnPara su consumo son muy vers\u00e1tiles, pueden servir de decoraci\u00f3n en platillos, pero tambi\u00e9n pueden esparcirse en ensaladas, arroz, pastas, hornearse en panes o pueden usarse para empanizar o cubrir carnes y pescados. Pueden preparase en lechadas o en tahini, solo tuesta las semilla y lic\u00faalas en un procesador de alimentos (puedes agregar <a href=\"https:\/\/tlalixpan.com\/alimenticio\/especias-e-infusiones\/flor-de-sal\/\">sal<\/a> o <a href=\"https:\/\/tlalixpan.com\/alimenticio\/aceites\/aceite-de-coco\/\">aceite<\/a> o no).<br \/>\nn<br \/>\nn\u00bfQu\u00e9 tal unas <a href=\"https:\/\/www.recetasfavoritashilmar.com\/2021\/02\/galletas-de-sesamo-negro.html\">galletas de ajonjoli negro<\/a>?<br \/>\nn<br \/>\nn&nbsp;<br \/>\nn<br \/>\nn&nbsp;<\/p>\n","protected":false},"excerpt":{"rendered":"<p>Ajonjol\u00ed negro agroecol\u00f3gico, producido en el estado de Guerrero, ayudan a contrarestar el estress oxidativo y son un alimento muy nutritivo para dietas veganas y vegetarianas, se pueden tostar ligeramente e integrar a ensaladas, sopas, pures y postres. Se venden a granel desde 100 grs<br \/>\nn<br \/>\nn&nbsp;<\/p>\n","protected":false},"featured_media":0,"comment_status":"open","ping_status":"closed","template":"","meta":[],"product_brand":[],"product_cat":[516],"product_tag":[],"class_list":{"0":"post-1271","1":"product","2":"type-product","3":"status-publish","5":"product_cat-cereales-y-semillas-granos-y-derivados-productos-alimenticios","7":"first","8":"instock","9":"shipping-taxable","10":"purchasable","11":"product-type-simple"},"_links":{"self":[{"href":"https:\/\/tlalixpan.com\/index.php?rest_route=\/wp\/v2\/product\/1271","targetHints":{"allow":["GET"]}}],"collection":[{"href":"https:\/\/tlalixpan.com\/index.php?rest_route=\/wp\/v2\/product"}],"about":[{"href":"https:\/\/tlalixpan.com\/index.php?rest_route=\/wp\/v2\/types\/product"}],"replies":[{"embeddable":true,"href":"https:\/\/tlalixpan.com\/index.php?rest_route=%2Fwp%2Fv2%2Fcomments&post=1271"}],"wp:attachment":[{"href":"https:\/\/tlalixpan.com\/index.php?rest_route=%2Fwp%2Fv2%2Fmedia&parent=1271"}],"wp:term":[{"taxonomy":"product_brand","embeddable":true,"href":"https:\/\/tlalixpan.com\/index.php?rest_route=%2Fwp%2Fv2%2Fproduct_brand&post=1271"},{"taxonomy":"product_cat","embeddable":true,"href":"https:\/\/tlalixpan.com\/index.php?rest_route=%2Fwp%2Fv2%2Fproduct_cat&post=1271"},{"taxonomy":"product_tag","embeddable":true,"href":"https:\/\/tlalixpan.com\/index.php?rest_route=%2Fwp%2Fv2%2Fproduct_tag&post=1271"}],"curies":[{"name":"wp","href":"https:\/\/api.w.org\/{rel}","templated":true}]}}