{"id":127,"date":"2026-04-15T00:47:23","date_gmt":"2026-04-15T00:47:23","guid":{"rendered":"https:\/\/tlalixpan.com\/?post_type=product&#038;p=127"},"modified":"2026-04-15T00:55:17","modified_gmt":"2026-04-15T00:55:17","slug":"desinfectante-de-verduras","status":"publish","type":"product","link":"https:\/\/tlalixpan.com\/?product=desinfectante-de-verduras","title":{"rendered":"Desinfectante de Verduras"},"content":{"rendered":"<h3>Citrorganics Chef<\/h3>\n<h4>Marca Citrorganic &#8211; \u00a0Presentaci\u00f3n frasco 375 ml o 940 ml<\/h4>\n<p>Desinfectante de verduras y alimentos natural, org\u00e1nico, biodegradable, no contiene cloro, yodo ni plata coloidal, no mancha, elimina olores y conserva mas tiempo los alimentos frescos.<\/p>\n<ul class=\"a-unordered-list a-vertical a-spacing-mini\">\n<li class=\"a-spacing-mini\"><span class=\"a-list-item\">FORMULADO A PARTIR DE C\u00cdTRICOS Y \u00c1CIDOS ORG\u00c1NICOS<\/span><\/li>\n<li class=\"a-spacing-mini\"><span class=\"a-list-item\">NO T\u00d3XICO (no contiene cloro, yodo ni plata coloidal) ORG\u00c1NICO BIODEGRADABLE<\/span><\/li>\n<li class=\"a-spacing-mini\"><span class=\"a-list-item\">Usos de Desinfecci\u00f3n: UNA TAPA EQUIVALE A 7ml. &#8211; Agua y Hielo: Agregar 2 tapas por cada 20 Litros de agua. &#8211; Frutas y verduras: Agregar 1 tapa por cada Litro de agua. &#8211; Carnes rojas, Aves, Pescados y Mariscos: Agregar 1 tapa por cada Litro de agua.<\/span><\/li>\n<li class=\"a-spacing-mini\"><span class=\"a-list-item\">&#8211; Utensilios y equipo de cocina (No corroe y elimina malos olores): Agregar 3\/4 de tapa por cada Litro de agua.<\/span><\/li>\n<li class=\"a-spacing-mini\"><span class=\"a-list-item\">-Otros usos: Agregar 3\/4 de tapa por cada Litro de agua.<\/span><\/li>\n<\/ul>\n<p>Ingredientes. Agua purificada, glicerina org\u00e1nica y extracto c\u00edtrico.<\/p>\n","protected":false},"excerpt":{"rendered":"<p>Desinfectante de verduras y alimentos, Citroorganics chef, formulado a partir a insumos org\u00e1nicos, c\u00edtricos principalmente, sin cloro, yodo ni plata coloidal. Para desinfectar alimentos (Agua, Frutas y verduras, Carnes, aves, pescados y mariscos y utensilios de cocina).<\/p>\n<p>&nbsp;<\/p>\n","protected":false},"featured_media":0,"comment_status":"open","ping_status":"closed","template":"","meta":[],"product_brand":[],"product_cat":[337],"product_tag":[20,263,406,407,408],"class_list":{"0":"post-127","1":"product","2":"type-product","3":"status-publish","5":"product_cat-limpieza","6":"product_tag-alimentos-limpios","7":"product_tag-desinfeccion","8":"product_tag-desinfectante-citrico","9":"product_tag-limpieza","10":"product_tag-verduras","12":"first","13":"outofstock","14":"shipping-taxable","15":"product-type-variable"},"_links":{"self":[{"href":"https:\/\/tlalixpan.com\/index.php?rest_route=\/wp\/v2\/product\/127","targetHints":{"allow":["GET"]}}],"collection":[{"href":"https:\/\/tlalixpan.com\/index.php?rest_route=\/wp\/v2\/product"}],"about":[{"href":"https:\/\/tlalixpan.com\/index.php?rest_route=\/wp\/v2\/types\/product"}],"replies":[{"embeddable":true,"href":"https:\/\/tlalixpan.com\/index.php?rest_route=%2Fwp%2Fv2%2Fcomments&post=127"}],"wp:attachment":[{"href":"https:\/\/tlalixpan.com\/index.php?rest_route=%2Fwp%2Fv2%2Fmedia&parent=127"}],"wp:term":[{"taxonomy":"product_brand","embeddable":true,"href":"https:\/\/tlalixpan.com\/index.php?rest_route=%2Fwp%2Fv2%2Fproduct_brand&post=127"},{"taxonomy":"product_cat","embeddable":true,"href":"https:\/\/tlalixpan.com\/index.php?rest_route=%2Fwp%2Fv2%2Fproduct_cat&post=127"},{"taxonomy":"product_tag","embeddable":true,"href":"https:\/\/tlalixpan.com\/index.php?rest_route=%2Fwp%2Fv2%2Fproduct_tag&post=127"}],"curies":[{"name":"wp","href":"https:\/\/api.w.org\/{rel}","templated":true}]}}