
{"id":1258,"date":"2026-04-19T17:41:52","date_gmt":"2026-04-19T17:41:52","guid":{"rendered":"https:\/\/tlalixpan.com\/?post_type=product&#038;p=1258"},"modified":"2026-04-20T00:01:17","modified_gmt":"2026-04-20T00:01:17","slug":"estevia-50-grs","status":"publish","type":"product","link":"https:\/\/tlalixpan.com\/?product=estevia-50-grs","title":{"rendered":"Estevia 50 grs"},"content":{"rendered":"<h2>Estevia Org\u00e1nica<\/h2>\n<p>n<\/p>\n<h3>&#8211; Presentaci\u00f3n a granel 50 grs<\/h3>\n<p>nEste endulzante a veces conocido como stevia, se produce de <a href=\"https:\/\/www.gob.mx\/inifap\/articulos\/estevia-cultivo-innovador-para-el-pacifico-centro-de-mexico\">forma org\u00e1nica en el pa\u00eds<\/a>, es natural, pues son hojas secas y molidas, por lo que conserva sus color verde, adem\u00e1s no tiene aditivos ni conservadores, es s\u00f3lo la hoja de<em>\u00a0Stevia rebaudiana. <\/em>Endulzante natural con pocas calor\u00edas, y con un \u00edndice gluc\u00e9mico nulo.<br \/>\nn<br \/>\nnIdeal para personas con problemas de diabetes,\u00a0 para reducir niveles de insulina y glucosa, controlar colesterol y triglic\u00e9ridos. Tambi\u00e9n tiene minerales como: Hierro, Magnesio y Cobalto, adem\u00e1s de algunos antioxidantes.<br \/>\nn<br \/>\nnEsta hoja endulza entre 15 y 30 veces m\u00e1s que el az\u00facar, por lo que es importante tenerlo en cuenta a la hora se usarlo como un sustituto de <a href=\"https:\/\/tlalixpan.com\/alimenticio\/dulces-endulzantes-y-botanas\/mascabado-tsomantik\/\">azucar.<\/a><br \/>\nn<br \/>\nn\u00dasala para endulzar bebidas, alimentos, postres y panader\u00eda para personas con diabetes y m\u00e1s.<\/p>\n","protected":false},"excerpt":{"rendered":"<p>Estevia org\u00e1nica en porlvo, natural sin aditivos, endulzante natural con gran poder endulzante, con pocas calorias y cero de \u00edndice glic\u00e9mico, por lo que apto para su consumo por personas diab\u00e9ticas.<br \/>\nn<br \/>\nn&nbsp;<\/p>\n","protected":false},"featured_media":452,"comment_status":"open","ping_status":"closed","template":"","meta":[],"product_brand":[],"product_cat":[519],"product_tag":[527],"class_list":{"0":"post-1258","1":"product","2":"type-product","3":"status-publish","4":"has-post-thumbnail","6":"product_cat-dulces-endulzantes-y-botanas-productos-alimenticios","7":"product_tag-alimentos-limpios-cuidado-personal-energia-estevia-estevia-natural-green-natural-stevia-natural-organico-organicos-salud-sin-toxicos-stevia-stevia-blend-vegano-vida-cero-zerowaste","9":"first","10":"instock","11":"shipping-taxable","12":"purchasable","13":"product-type-simple"},"_links":{"self":[{"href":"https:\/\/tlalixpan.com\/index.php?rest_route=\/wp\/v2\/product\/1258","targetHints":{"allow":["GET"]}}],"collection":[{"href":"https:\/\/tlalixpan.com\/index.php?rest_route=\/wp\/v2\/product"}],"about":[{"href":"https:\/\/tlalixpan.com\/index.php?rest_route=\/wp\/v2\/types\/product"}],"replies":[{"embeddable":true,"href":"https:\/\/tlalixpan.com\/index.php?rest_route=%2Fwp%2Fv2%2Fcomments&post=1258"}],"wp:featuredmedia":[{"embeddable":true,"href":"https:\/\/tlalixpan.com\/index.php?rest_route=\/wp\/v2\/media\/452"}],"wp:attachment":[{"href":"https:\/\/tlalixpan.com\/index.php?rest_route=%2Fwp%2Fv2%2Fmedia&parent=1258"}],"wp:term":[{"taxonomy":"product_brand","embeddable":true,"href":"https:\/\/tlalixpan.com\/index.php?rest_route=%2Fwp%2Fv2%2Fproduct_brand&post=1258"},{"taxonomy":"product_cat","embeddable":true,"href":"https:\/\/tlalixpan.com\/index.php?rest_route=%2Fwp%2Fv2%2Fproduct_cat&post=1258"},{"taxonomy":"product_tag","embeddable":true,"href":"https:\/\/tlalixpan.com\/index.php?rest_route=%2Fwp%2Fv2%2Fproduct_tag&post=1258"}],"curies":[{"name":"wp","href":"https:\/\/api.w.org\/{rel}","templated":true}]}}