{"id":125,"date":"2026-04-15T00:46:50","date_gmt":"2026-04-15T00:46:50","guid":{"rendered":"https:\/\/tlalixpan.com\/?post_type=product&#038;p=125"},"modified":"2026-04-15T00:55:01","modified_gmt":"2026-04-15T00:55:01","slug":"plantula-de-hortaliza-surtida-10-pzas","status":"publish","type":"product","link":"https:\/\/tlalixpan.com\/?product=plantula-de-hortaliza-surtida-10-pzas","title":{"rendered":"Pl\u00e1ntula de hortaliza surtida 10 pzas"},"content":{"rendered":"<h3>Pl\u00e1ntula de hortaliza<\/h3>\n<h3>&#8211; Presentaci\u00f3n a granel 10pzas.<\/h3>\n<p>Estas se elaboran a tu medida y por solicitud as\u00ed que ten en cuenta que tardar\u00e1 de 30 a 50 d\u00edas en enviarse.<\/p>\n<p>Se hacen de la hortaliza que solicites desde 10 plantas hasta las que quieras. Para tu huerto urbano o rural, solicita la hortaliza que necesitas.<\/p>\n<p>Hortalizas surtidas de tu preferencia, hacemos charolas completas con tu propia semilla o con semilla agroecol\u00f3gica. Se cobra la maquila comun\u00edcate para un presupuesto por Ha., tambi\u00e9n puedes recoger en huerta, en Nayarit o en Jalisco.<\/p>\n<p>Nota: todos los productos frescos est\u00e1n sujetos a disponibilidad, condiciones ambientales, agradecemos su compresi\u00f3n.<\/p>\n<p>Recuerda que en tienda tenemos <a href=\"https:\/\/tlalixpan.com\/jardineria-y-huertos\/semillas\/\">semillas<\/a> para siembra.<\/p>\n<p><a href=\"https:\/\/www.fao.org\/4\/a1374s\/a1374s03.pdf\">Por que realizar semilleros<\/a>.<\/p>\n","protected":false},"excerpt":{"rendered":"<p>Pl\u00e1ntula de hortaliza para siembra, maquila seg\u00fan tus necesidades, el tiempo de entrega puede variar seg\u00fan el cultivo\/s requerido. Se producen sin pesticidas ni felitizantes qu\u00edmicos. Solicita tu cotizaci\u00f3n por plantas requeridas<\/p>\n","protected":false},"featured_media":0,"comment_status":"open","ping_status":"closed","template":"","meta":[],"product_brand":[],"product_cat":[142],"product_tag":[18,19,20,398,399,25,30,31,400,33,35],"class_list":{"0":"post-125","1":"product","2":"type-product","3":"status-publish","5":"product_cat-jardinerias-y-huertos","6":"product_tag-agroecologico","7":"product_tag-agroecologicos","8":"product_tag-alimentos-limpios","9":"product_tag-hortalizas","10":"product_tag-huerto-urbano","11":"product_tag-natural","12":"product_tag-organico","13":"product_tag-organicos","14":"product_tag-plantula","15":"product_tag-sin-toxicos","16":"product_tag-vida-cero","18":"first","19":"instock","20":"shipping-taxable","21":"purchasable","22":"product-type-simple"},"_links":{"self":[{"href":"https:\/\/tlalixpan.com\/index.php?rest_route=\/wp\/v2\/product\/125","targetHints":{"allow":["GET"]}}],"collection":[{"href":"https:\/\/tlalixpan.com\/index.php?rest_route=\/wp\/v2\/product"}],"about":[{"href":"https:\/\/tlalixpan.com\/index.php?rest_route=\/wp\/v2\/types\/product"}],"replies":[{"embeddable":true,"href":"https:\/\/tlalixpan.com\/index.php?rest_route=%2Fwp%2Fv2%2Fcomments&post=125"}],"wp:attachment":[{"href":"https:\/\/tlalixpan.com\/index.php?rest_route=%2Fwp%2Fv2%2Fmedia&parent=125"}],"wp:term":[{"taxonomy":"product_brand","embeddable":true,"href":"https:\/\/tlalixpan.com\/index.php?rest_route=%2Fwp%2Fv2%2Fproduct_brand&post=125"},{"taxonomy":"product_cat","embeddable":true,"href":"https:\/\/tlalixpan.com\/index.php?rest_route=%2Fwp%2Fv2%2Fproduct_cat&post=125"},{"taxonomy":"product_tag","embeddable":true,"href":"https:\/\/tlalixpan.com\/index.php?rest_route=%2Fwp%2Fv2%2Fproduct_tag&post=125"}],"curies":[{"name":"wp","href":"https:\/\/api.w.org\/{rel}","templated":true}]}}