
{"id":1249,"date":"2026-04-19T17:40:48","date_gmt":"2026-04-19T17:40:48","guid":{"rendered":"https:\/\/tlalixpan.com\/?post_type=product&#038;p=1249"},"modified":"2026-04-20T00:01:17","modified_gmt":"2026-04-20T00:01:17","slug":"azucar-mascabado-tsomantik-100-grs","status":"publish","type":"product","link":"https:\/\/tlalixpan.com\/?product=azucar-mascabado-tsomantik-100-grs","title":{"rendered":"Az\u00facar Mascabado Tsomantik 100 grs"},"content":{"rendered":"<h3>Az\u00facar Mascabado Tsomantik<\/h3>\n<p>n<\/p>\n<h4>&#8211; Presentaci\u00f3n a granel 100 grs<\/h4>\n<p>n<\/p>\n<div class=\"cornerstone-desc gt-columns gt-third gd-columns gd-third\">\nn<br \/>\nnAgroecol\u00f3gico producido en Chiapas; Tzimol es un pueblo ca\u00f1ero y la econom\u00eda del 80% de sus familias depende del cultivo de la ca\u00f1a y producci\u00f3n de los derivados del jugo de ca\u00f1a. Tsomanotik promueve: a) El cultivo agroecol\u00f3gico de la ca\u00f1a (libre de venenos) para evitar el da\u00f1o y empobrecimiento de la tierra y cuidar la salud de campesinos y consumidores y b) La producci\u00f3n de est\u00e9 tipo de az\u00facar en lugar de la panela (piloncillo).<br \/>\nn<br \/>\nnAunque este tipo de az\u00facar contiene la misma cantidad de calorinas que la refinada, al ser una az\u00facar integral contiene trazas de minerales Magnesio, Potasio, Calcio y Hierro principalmente, adem\u00e1s de algunos polifenoles que son antioxidantes.<br \/>\nn<br \/>\nnPuedes usarla para hornear, hacer dulces y <a href=\"https:\/\/tlalixpan.com\/alimenticio\/dulces-endulzantes-y-botanas\/barra-de-chocolate\/\">chocolates,<\/a> endulzar los cereales como avena o el caf\u00e9 (como sustituto de las azucares refinadas), para hacer salsas barbique, o para marinar carnes, aves o pescados, en aderezos y m\u00e1s.<br \/>\nn<br \/>\nnPara leer mas: <a href=\"https:\/\/www.tuasaude.com\/es\/azucar-mascabado\/\">azucar mascabado<\/a><br \/>\nn<br \/>\nn<\/div>\n","protected":false},"excerpt":{"rendered":"<p>Az\u00facar mascabado org\u00e1nica producida en Chiapas, a diferencia del az\u00facar convencional y refinada, esta aporta trazas minerales, por lo que la puedes usar de sustituto de la refinada.<\/p>\n","protected":false},"featured_media":510,"comment_status":"open","ping_status":"closed","template":"","meta":[],"product_brand":[],"product_cat":[519],"product_tag":[],"class_list":{"0":"post-1249","1":"product","2":"type-product","3":"status-publish","4":"has-post-thumbnail","6":"product_cat-dulces-endulzantes-y-botanas-productos-alimenticios","8":"first","9":"instock","10":"purchasable","11":"product-type-simple"},"_links":{"self":[{"href":"https:\/\/tlalixpan.com\/index.php?rest_route=\/wp\/v2\/product\/1249","targetHints":{"allow":["GET"]}}],"collection":[{"href":"https:\/\/tlalixpan.com\/index.php?rest_route=\/wp\/v2\/product"}],"about":[{"href":"https:\/\/tlalixpan.com\/index.php?rest_route=\/wp\/v2\/types\/product"}],"replies":[{"embeddable":true,"href":"https:\/\/tlalixpan.com\/index.php?rest_route=%2Fwp%2Fv2%2Fcomments&post=1249"}],"wp:featuredmedia":[{"embeddable":true,"href":"https:\/\/tlalixpan.com\/index.php?rest_route=\/wp\/v2\/media\/510"}],"wp:attachment":[{"href":"https:\/\/tlalixpan.com\/index.php?rest_route=%2Fwp%2Fv2%2Fmedia&parent=1249"}],"wp:term":[{"taxonomy":"product_brand","embeddable":true,"href":"https:\/\/tlalixpan.com\/index.php?rest_route=%2Fwp%2Fv2%2Fproduct_brand&post=1249"},{"taxonomy":"product_cat","embeddable":true,"href":"https:\/\/tlalixpan.com\/index.php?rest_route=%2Fwp%2Fv2%2Fproduct_cat&post=1249"},{"taxonomy":"product_tag","embeddable":true,"href":"https:\/\/tlalixpan.com\/index.php?rest_route=%2Fwp%2Fv2%2Fproduct_tag&post=1249"}],"curies":[{"name":"wp","href":"https:\/\/api.w.org\/{rel}","templated":true}]}}