
{"id":121,"date":"2026-04-15T00:45:29","date_gmt":"2026-04-15T00:45:29","guid":{"rendered":"https:\/\/tlalixpan.com\/?post_type=product&#038;p=121"},"modified":"2026-04-15T00:54:29","modified_gmt":"2026-04-15T00:54:29","slug":"jabon-de-tocador-x-1pza-o-caja","status":"publish","type":"product","link":"https:\/\/tlalixpan.com\/producto\/jabon-de-tocador-x-1pza-o-caja\/","title":{"rendered":"Jab\u00f3n de Tocador x 1pza o caja"},"content":{"rendered":"<h2>Jab\u00f3n de Tocador<\/h2>\n<h4>Marca Jabones Garcia &#8211; Presentaci\u00f3n 1 pieza o una caja<\/h4>\n<p>Elaborados de forma artesanal en Jalisco, estos son neutros.<\/p>\n<p>Por sus ingredientes es un producto totalmente biodegradable acompa\u00f1ado con esencias naturales, hecho con jab\u00f3n base de aceite de coco, todos son 100% naturales y se integran al ambiente sin contaminar.<\/p>\n<p>No provocan efectos secundarios, ni producen alergias, pues son neutros, no tienen aditivos ademas de la escencia, cada escencia les da un beneficio \u00fanico: limpieza m\u00e1s exfoliaci\u00f3n, antibacterial, relajante, cuidado, tratamiento para heridas y piquetes de insectos, aromas suaves, hidratantes, reafirmantes y muchas otras cualidades.<\/p>\n<div dir=\"auto\">Adem\u00e1s, los Jabones Garc\u00eda, conllevan una \u00e9tica ecol\u00f3gica de no poseer contenidos qu\u00edmicos perjudiciales en contra del medio ambiente.<\/div>\n<div dir=\"auto\"><\/div>\n<div dir=\"auto\">Dale una caricia natural a tu piel con ellos, ideales para el ba\u00f1o diario, lavar la cara o el cabella, tambien puedes utilizar\u00a0 el maravilloso <a href=\"https:\/\/tlalixpan.com\/limpieza\/jabon-de-lavanderia\/\">jab\u00f3n de lavanderia<\/a> adem\u00e1s de dejar tu ropa impecable, ayudas a nuestro planeta.<\/div>\n<div dir=\"auto\"><\/div>\n<div dir=\"auto\">Este producto ofrece una excelente relaci\u00f3n precio &#8211; calidad.<\/div>\n<div dir=\"auto\">Para saber m\u00e1s sobre jabones y como funcionan entra <a href=\"https:\/\/www.revista.unam.mx\/vol.15\/num5\/art38\/\">aqui<\/a><\/div>\n<div dir=\"auto\"><\/div>\n","protected":false},"excerpt":{"rendered":"<p>Jab\u00f3n de tocador neutro con varias escencias naturales, elaborado artesanalemente, totalmente biodegradable, ideales para el ba\u00f1o en generl o bien para zonas especificas del cuerpo para un cuidado de la piel apropiado, marca Garcia precentaci\u00f3n barra de 125 grs.<\/p>\n","protected":false},"featured_media":0,"comment_status":"open","ping_status":"closed","template":"","meta":[],"product_brand":[],"product_cat":[332,337],"product_tag":[21,262,109,380,381,25,33,34,35,36],"class_list":{"0":"post-121","1":"product","2":"type-product","3":"status-publish","5":"product_cat-cosmetica","6":"product_cat-limpieza","7":"product_tag-artesanal","8":"product_tag-biodegradable","9":"product_tag-cuidado-personal","10":"product_tag-jabon","11":"product_tag-jabon-artesanal","12":"product_tag-natural","13":"product_tag-sin-toxicos","14":"product_tag-vegano","15":"product_tag-vida-cero","16":"product_tag-zerowaste","18":"first","19":"outofstock","20":"taxable","21":"shipping-taxable","22":"product-type-variable"},"_links":{"self":[{"href":"https:\/\/tlalixpan.com\/wp-json\/wp\/v2\/product\/121","targetHints":{"allow":["GET"]}}],"collection":[{"href":"https:\/\/tlalixpan.com\/wp-json\/wp\/v2\/product"}],"about":[{"href":"https:\/\/tlalixpan.com\/wp-json\/wp\/v2\/types\/product"}],"replies":[{"embeddable":true,"href":"https:\/\/tlalixpan.com\/wp-json\/wp\/v2\/comments?post=121"}],"wp:attachment":[{"href":"https:\/\/tlalixpan.com\/wp-json\/wp\/v2\/media?parent=121"}],"wp:term":[{"taxonomy":"product_brand","embeddable":true,"href":"https:\/\/tlalixpan.com\/wp-json\/wp\/v2\/product_brand?post=121"},{"taxonomy":"product_cat","embeddable":true,"href":"https:\/\/tlalixpan.com\/wp-json\/wp\/v2\/product_cat?post=121"},{"taxonomy":"product_tag","embeddable":true,"href":"https:\/\/tlalixpan.com\/wp-json\/wp\/v2\/product_tag?post=121"}],"curies":[{"name":"wp","href":"https:\/\/api.w.org\/{rel}","templated":true}]}}