
{"id":1189,"date":"2026-04-19T23:44:11","date_gmt":"2026-04-19T23:44:11","guid":{"rendered":"https:\/\/tlalixpan.com\/?product=aromaticas-deshidratadas-10-grs"},"modified":"2026-04-20T00:00:27","modified_gmt":"2026-04-20T00:00:27","slug":"aromaticas-deshidratadas-10-grs","status":"publish","type":"product","link":"https:\/\/tlalixpan.com\/?product=aromaticas-deshidratadas-10-grs","title":{"rendered":"Aromaticas Deshidratadas 10 grs"},"content":{"rendered":"<h2>Arom\u00e1ticas deshidratadas<\/h2>\n<p>n<\/p>\n<h4>&#8211; Presentaci\u00f3n a granel 10 Grs<\/h4>\n<p>nHierbas arom\u00e1ticas de produci\u00f3n agroecol\u00f3gica y familiar de distintas huertas de Jalisco principalmente. \u00dasalas en infusiones y tizanas, salsas, pestos, sopas, panader\u00eda y mas.<br \/>\nn<br \/>\nnPuedes ponerlas en <a href=\"https:\/\/tlalixpan.com\/alimenticio\/panaderia-y-harinas\/sopa-de-conchitas\/\">aceite de oliva<\/a> dejar reposar y consumir en todos tus platos.<br \/>\nn<br \/>\nnLas plantas arom\u00e1ticas suelen tener efectos ben\u00e9ficos en el control de plagas en el huerto del jardin, con frecuencia repelen insectos plaga y atraen algunos ben\u00e9ficos.<br \/>\nn<br \/>\nnGracias a sus componentes bioactivos, pueden tener efectos ben\u00e9ficos para la salud, principalmente con la presencia de polifenoles que les aportan caracter\u00edstica antioxidantes, antiinflamatorias y antimicrobiales. Gracias a sus aceites escenciales y su efecto sobre las capas celulares de las bacterias, estas plantas aportan sus beneficios antibacteriales, por lo que se han usado desde la antig\u00fcedad, en las medicinas tradicionales y a\u00fan son b\u00e1sicas para la elaboraci\u00f3n de infusiones que nos ayuden a tratar los sintomas de algunas enfermedades, respiratorias y estom\u00e1cales, entre otras.<br \/>\nn<br \/>\nnPueden ser muy \u00fatiles en las dietas desintoxicantes. Tambi\u00e9n poseen beneficios para el cuidado del cabello y piel.<br \/>\nn<br \/>\nnPor su uso en seco en infusiones o como condimento, se recomienda que estas hierbas procedan de huertos confiables que no utilizen pesticidas u otros qu\u00edmicos t\u00f3xicos para la salud.<br \/>\nn<br \/>\nnLos productos se venden a granel en multiplos de 10 grs.<br \/>\nn<br \/>\nnPara leer m\u00e1s, <a href=\"https:\/\/elpoderdelconsumidor.org\/2017\/10\/poder-las-hierbas-aromaticas\/\">el poder de&#8230;<\/a><br \/>\nn<br \/>\nn&nbsp;<\/p>\n","protected":false},"excerpt":{"rendered":"<p>Plantas arom\u00e1ticas deshidratadas de producci\u00f3n agroecol\u00f3gica y\/o org\u00e1nica, proceden de agricultura familiar e ind\u00edgena, principalmente del estado de Jalisco.\u00a0 Ideales para infusiones, arom\u00e1terapia y remedios. Algunas otra variedades con las que tambien contamos no estan publicadas por contar con cantidades m\u00e1s peque\u00f1as, pregunta disponibilidad.<\/p>\n","protected":false},"featured_media":0,"comment_status":"open","ping_status":"closed","template":"","meta":[],"product_brand":[],"product_cat":[540],"product_tag":[],"class_list":{"0":"post-1189","1":"product","2":"type-product","3":"status-publish","5":"product_cat-especias-e-infusiones-productos-alimenticios-productos-alimenticios","7":"first","8":"instock","9":"shipping-taxable","10":"product-type-variable"},"_links":{"self":[{"href":"https:\/\/tlalixpan.com\/index.php?rest_route=\/wp\/v2\/product\/1189","targetHints":{"allow":["GET"]}}],"collection":[{"href":"https:\/\/tlalixpan.com\/index.php?rest_route=\/wp\/v2\/product"}],"about":[{"href":"https:\/\/tlalixpan.com\/index.php?rest_route=\/wp\/v2\/types\/product"}],"replies":[{"embeddable":true,"href":"https:\/\/tlalixpan.com\/index.php?rest_route=%2Fwp%2Fv2%2Fcomments&post=1189"}],"wp:attachment":[{"href":"https:\/\/tlalixpan.com\/index.php?rest_route=%2Fwp%2Fv2%2Fmedia&parent=1189"}],"wp:term":[{"taxonomy":"product_brand","embeddable":true,"href":"https:\/\/tlalixpan.com\/index.php?rest_route=%2Fwp%2Fv2%2Fproduct_brand&post=1189"},{"taxonomy":"product_cat","embeddable":true,"href":"https:\/\/tlalixpan.com\/index.php?rest_route=%2Fwp%2Fv2%2Fproduct_cat&post=1189"},{"taxonomy":"product_tag","embeddable":true,"href":"https:\/\/tlalixpan.com\/index.php?rest_route=%2Fwp%2Fv2%2Fproduct_tag&post=1189"}],"curies":[{"name":"wp","href":"https:\/\/api.w.org\/{rel}","templated":true}]}}