
{"id":1184,"date":"2026-04-19T17:26:40","date_gmt":"2026-04-19T17:26:40","guid":{"rendered":"https:\/\/tlalixpan.com\/?post_type=product&#038;p=1184"},"modified":"2026-04-20T00:00:27","modified_gmt":"2026-04-20T00:00:27","slug":"chocolate-de-mesa-en-polvo-100-grs","status":"publish","type":"product","link":"https:\/\/tlalixpan.com\/?product=chocolate-de-mesa-en-polvo-100-grs","title":{"rendered":"Chocolate de mesa en polvo 100 grs"},"content":{"rendered":"<h2>Chocolate de mesa en polvo<\/h2>\n<p>n<\/p>\n<h4>Marca Broma de Teo &#8211; Presentaci\u00f3n a granel 100 Grs<\/h4>\n<p>nChocolate en polvo endulzado con piloncillo con insumos org\u00e1nicos o agroecol\u00f3gicos, artesanal elaborado en Jalisco. Producto vegano.<br \/>\nn<br \/>\nnEste chocolate al ser producido artesanalmente desde el cacao hasta el chocolate, es un alimento completo con las cualidades escenciales del cacao, y su valioso contenido nutricional, con propiedades antioxidantes, anti-inflamatorios, ayuda a la salud del coraz\u00f3n y al control del colesterol, mejorar el sue\u00f1o, la relajaci\u00f3n y la sensaci\u00f3n de felicidad.<br \/>\nn<br \/>\nnPuedes usarlo para preparar bebidas de chocolate caliente o frio, en agua o leche, para hacer reposter\u00eda y panader\u00eda, mole dulce, agr\u00e9galo a tus licuados, smoothies, atoles y mas.<br \/>\nn<br \/>\nnPara leer m\u00e1s: Chocolate amargo, <a href=\"https:\/\/unamglobal.unam.mx\/global_revista\/el-chocolate-amargo-enemigo-de-la-hipertension\/#:~:text=Diversos%20estudios%20han%20demostrado%20que,enfermedades%20del%20coraz%C3%B3n%20y%20diabetes.\">enemigo de la hipertenci\u00f3n.<\/a><br \/>\nn<br \/>\nnBusca m\u00e1s opciones de alimentos en nuestra <a href=\"https:\/\/tlalixpan.com\/alimenticio\/dulces-endulzantes-y-botanas\">tienda<\/a><\/p>\n","protected":false},"excerpt":{"rendered":"<p>Chocolate de mesa en polvo, elaborado con productos agroecol\u00f3gicos- org\u00e1nicos de origen nacional.<\/p>\n","protected":false},"featured_media":0,"comment_status":"open","ping_status":"closed","template":"","meta":[],"product_brand":[],"product_cat":[519],"product_tag":[],"class_list":{"0":"post-1184","1":"product","2":"type-product","3":"status-publish","5":"product_cat-dulces-endulzantes-y-botanas-productos-alimenticios","7":"first","8":"instock","9":"shipping-taxable","10":"purchasable","11":"product-type-simple"},"_links":{"self":[{"href":"https:\/\/tlalixpan.com\/index.php?rest_route=\/wp\/v2\/product\/1184","targetHints":{"allow":["GET"]}}],"collection":[{"href":"https:\/\/tlalixpan.com\/index.php?rest_route=\/wp\/v2\/product"}],"about":[{"href":"https:\/\/tlalixpan.com\/index.php?rest_route=\/wp\/v2\/types\/product"}],"replies":[{"embeddable":true,"href":"https:\/\/tlalixpan.com\/index.php?rest_route=%2Fwp%2Fv2%2Fcomments&post=1184"}],"wp:attachment":[{"href":"https:\/\/tlalixpan.com\/index.php?rest_route=%2Fwp%2Fv2%2Fmedia&parent=1184"}],"wp:term":[{"taxonomy":"product_brand","embeddable":true,"href":"https:\/\/tlalixpan.com\/index.php?rest_route=%2Fwp%2Fv2%2Fproduct_brand&post=1184"},{"taxonomy":"product_cat","embeddable":true,"href":"https:\/\/tlalixpan.com\/index.php?rest_route=%2Fwp%2Fv2%2Fproduct_cat&post=1184"},{"taxonomy":"product_tag","embeddable":true,"href":"https:\/\/tlalixpan.com\/index.php?rest_route=%2Fwp%2Fv2%2Fproduct_tag&post=1184"}],"curies":[{"name":"wp","href":"https:\/\/api.w.org\/{rel}","templated":true}]}}