
{"id":1167,"date":"2026-04-19T17:26:08","date_gmt":"2026-04-19T17:26:08","guid":{"rendered":"https:\/\/tlalixpan.com\/?post_type=product&#038;p=1167"},"modified":"2026-04-20T00:00:27","modified_gmt":"2026-04-20T00:00:27","slug":"quinoa-crispy-100-grs","status":"publish","type":"product","link":"https:\/\/tlalixpan.com\/?product=quinoa-crispy-100-grs","title":{"rendered":"Quinoa Crispy 100 grs"},"content":{"rendered":"<h3>Quinoa Crispy<\/h3>\n<p>n<\/p>\n<h4>&#8211; Presentaci\u00f3n a granel 100 Grs<\/h4>\n<p>nEste es un cereal natural sin aditivos, ni azucares o conservadores agregados y de producci\u00f3n org\u00e1nica, y es un cereal inflado. <strong>No contiene gluten<\/strong> y tiene suficiente cantidad de los nueve amino\u00e1cidos esenciales, es decir los 9 amino\u00e1cidos escenciales por lo que aporta prote\u00ednas de calidad, es alta en Hierro, Magnesio, Potasio, Calcio, Zinc y F\u00f3sforo, vitaminas del grupo B y E, fibra y antioxidantes. Por su cantidad de fibra es un buen alimento para tener una buena digesti\u00f3n y ayudarte a sentir saciedad. Es un alimento poderoso y con un bajo \u00edndice gluc\u00e9mico.<br \/>\nn<br \/>\nnPuedes agregarlo en recetas de reposter\u00eda y panader\u00eda, comerlo como cereal con frutas, con yogurt, elaborar barras energ\u00e9ticas- proteicas mezclandola con <a href=\"https:\/\/tlalixpan.com\/alimenticio\/endulzantes\/miel-de-abeja\/\">miel<\/a>, nueces y m\u00e1s. Adem\u00e1s de agregarlo en ensaladas.<br \/>\nn<br \/>\nnPara leer m\u00e1s: <a href=\"https:\/\/blog.somosfit.com\/blog\/quinoa-pop-beneficios-recetas\">Quinoa Pop<\/a><br \/>\nn<br \/>\nnRecuerda que puedes adquirir <a href=\"https:\/\/tlalixpan.com\/alimenticio\/cereales-semillas-granos-y-derivados\/quinoa\/\">quinoa en semilla<\/a> tambi\u00e9n.<br \/>\nn<br \/>\nn&nbsp;<\/p>\n","protected":false},"excerpt":{"rendered":"<p>Quinoa Crispy natural sin aditivos, saborizantes o colorantes, es de producci\u00f3n org\u00e1nica y se vende a granel. Este pseudo cereal es un alimento con gran cantidad de nutientres minerales y algunas vitaminas. Por lo que es ideal para los ni\u00f1os mezclado con sus frutas favoritas.<\/p>\n","protected":false},"featured_media":527,"comment_status":"open","ping_status":"closed","template":"","meta":[],"product_brand":[],"product_cat":[516],"product_tag":[518],"class_list":{"0":"post-1167","1":"product","2":"type-product","3":"status-publish","4":"has-post-thumbnail","6":"product_cat-cereales-y-semillas-granos-y-derivados-productos-alimenticios","7":"product_tag-alimentos-limpios-artesanal-gluten-free-natural-organico-organicos-proteina-vegana-proteinas-salud-sin-gluten-sin-toxicos-vegano-vida-cero-zerowaste","9":"first","10":"instock","11":"shipping-taxable","12":"purchasable","13":"product-type-simple"},"_links":{"self":[{"href":"https:\/\/tlalixpan.com\/index.php?rest_route=\/wp\/v2\/product\/1167","targetHints":{"allow":["GET"]}}],"collection":[{"href":"https:\/\/tlalixpan.com\/index.php?rest_route=\/wp\/v2\/product"}],"about":[{"href":"https:\/\/tlalixpan.com\/index.php?rest_route=\/wp\/v2\/types\/product"}],"replies":[{"embeddable":true,"href":"https:\/\/tlalixpan.com\/index.php?rest_route=%2Fwp%2Fv2%2Fcomments&post=1167"}],"wp:featuredmedia":[{"embeddable":true,"href":"https:\/\/tlalixpan.com\/index.php?rest_route=\/wp\/v2\/media\/527"}],"wp:attachment":[{"href":"https:\/\/tlalixpan.com\/index.php?rest_route=%2Fwp%2Fv2%2Fmedia&parent=1167"}],"wp:term":[{"taxonomy":"product_brand","embeddable":true,"href":"https:\/\/tlalixpan.com\/index.php?rest_route=%2Fwp%2Fv2%2Fproduct_brand&post=1167"},{"taxonomy":"product_cat","embeddable":true,"href":"https:\/\/tlalixpan.com\/index.php?rest_route=%2Fwp%2Fv2%2Fproduct_cat&post=1167"},{"taxonomy":"product_tag","embeddable":true,"href":"https:\/\/tlalixpan.com\/index.php?rest_route=%2Fwp%2Fv2%2Fproduct_tag&post=1167"}],"curies":[{"name":"wp","href":"https:\/\/api.w.org\/{rel}","templated":true}]}}