
{"id":1163,"date":"2026-04-19T17:25:35","date_gmt":"2026-04-19T17:25:35","guid":{"rendered":"https:\/\/tlalixpan.com\/?post_type=product&#038;p=1163"},"modified":"2026-04-20T00:00:27","modified_gmt":"2026-04-20T00:00:27","slug":"coco-rallado-100-grs","status":"publish","type":"product","link":"https:\/\/tlalixpan.com\/?product=coco-rallado-100-grs","title":{"rendered":"Coco Rallado 100 grs"},"content":{"rendered":"<h3>Coco rallado org\u00e1nico<\/h3>\n<p>n<\/p>\n<h4>&#8211; Presentaci\u00f3n a granel 100 Grs<\/h4>\n<p>nOrg\u00e1nico sin az\u00facar ni aditivos, producido en M\u00e9xico. La\u00a0 pulpa de coco contiene un poco de prote\u00edna, grasas, fibras, minerales como: Manganeso, Selenio, Cobre, F\u00f3sforo, Potasio, Hierro y Zinc; tiene un alto contenido en grasas, que puede ayudar en la perdida de peso, a mejorar la salud del coraz\u00f3n y en la salud digestiva, comiendose con moderaci\u00f3n.Aunque es un alimento alto en grasas, su tipo de grasa se relaciona con el mejoramiento del funcionamiento cerebral.<br \/>\nn<br \/>\nnEl Coco es un alimento que aporta beneficios antibacteriales y antimic\u00f3ticos. Por lo que se usa ampliamente en la cosm\u00e9tica s\u00f3lida, con usos en pastas de dientes, desodorantes y base para cremas y maquillajes.<br \/>\nn<br \/>\nnPuedes agregarla a tus ensaladas, yogurt, avena, postres y panader\u00eda, para hacer aderezos, para empanizar carnes y pescados, se pueden elaborar lechadas y mas.<br \/>\nn<br \/>\nnPara elaborar tu propia pasta de dientes una receta sencilla es poner una parte de bicarbonato por 3 de arcilla blanca, una gota de una escencia de tu preferencia y suficiente aceite para cubrirlo todo, solo necesitas una gota de esta mezcla para lavar tus dientes, y es preferible escupir en un papel, para no tapar la coladera.<br \/>\nn<br \/>\nnPara leer m\u00e1s:\u00a0 <a href=\"https:\/\/www.tuasaude.com\/es\/informacion-nutricional-del-coco\/\">beneficios nutricionales del coco<\/a>\u00a0 tambien puedes encontra algunas\u00a0<a href=\"https:\/\/lifestyle.fit\/alimentos\/frutas\/coco-rallado-nutricion\/\">recetas con coco rallado<\/a> por aqui.<br \/>\nn<br \/>\nn&nbsp;<br \/>\nn<br \/>\nn&nbsp;<\/p>\n","protected":false},"excerpt":{"rendered":"<p>Coco rallado sin endulzar, natural y de producci\u00f3n org\u00e1nica y de origen Mexicano. Ideal para recetas dulces o saladas.<\/p>\n","protected":false},"featured_media":434,"comment_status":"open","ping_status":"closed","template":"","meta":[],"product_brand":[],"product_cat":[516],"product_tag":[517],"class_list":{"0":"post-1163","1":"product","2":"type-product","3":"status-publish","4":"has-post-thumbnail","6":"product_cat-cereales-y-semillas-granos-y-derivados-productos-alimenticios","7":"product_tag-agroecologico-agroecologicos-alimentos-limpios-artesanal-dieta-keto-keto-keto-diet-natural-nutricion-organico-organicos-salud-sin-toxicos-vegano-vida-cero-zerowaste","9":"first","10":"instock","11":"shipping-taxable","12":"purchasable","13":"product-type-simple"},"_links":{"self":[{"href":"https:\/\/tlalixpan.com\/index.php?rest_route=\/wp\/v2\/product\/1163","targetHints":{"allow":["GET"]}}],"collection":[{"href":"https:\/\/tlalixpan.com\/index.php?rest_route=\/wp\/v2\/product"}],"about":[{"href":"https:\/\/tlalixpan.com\/index.php?rest_route=\/wp\/v2\/types\/product"}],"replies":[{"embeddable":true,"href":"https:\/\/tlalixpan.com\/index.php?rest_route=%2Fwp%2Fv2%2Fcomments&post=1163"}],"wp:featuredmedia":[{"embeddable":true,"href":"https:\/\/tlalixpan.com\/index.php?rest_route=\/wp\/v2\/media\/434"}],"wp:attachment":[{"href":"https:\/\/tlalixpan.com\/index.php?rest_route=%2Fwp%2Fv2%2Fmedia&parent=1163"}],"wp:term":[{"taxonomy":"product_brand","embeddable":true,"href":"https:\/\/tlalixpan.com\/index.php?rest_route=%2Fwp%2Fv2%2Fproduct_brand&post=1163"},{"taxonomy":"product_cat","embeddable":true,"href":"https:\/\/tlalixpan.com\/index.php?rest_route=%2Fwp%2Fv2%2Fproduct_cat&post=1163"},{"taxonomy":"product_tag","embeddable":true,"href":"https:\/\/tlalixpan.com\/index.php?rest_route=%2Fwp%2Fv2%2Fproduct_tag&post=1163"}],"curies":[{"name":"wp","href":"https:\/\/api.w.org\/{rel}","templated":true}]}}