{"id":583,"date":"2026-04-16T14:57:57","date_gmt":"2026-04-16T14:57:57","guid":{"rendered":"https:\/\/tlalixpan.com\/?page_id=583"},"modified":"2026-04-16T14:58:21","modified_gmt":"2026-04-16T14:58:21","slug":"nosotras","status":"publish","type":"page","link":"https:\/\/tlalixpan.com\/?page_id=583","title":{"rendered":"Nosotras"},"content":{"rendered":"\n<p><strong>Misi\u00f3n<\/strong>:<\/p>\n\n\n\n<p>Buscamos acercar productos org\u00e1nicos, agroecol\u00f3gicos y locales, confiables y saludables, que promuevan h\u00e1bitos de consumo responsables y conscientes, procurando la reducci\u00f3n de desperdicios mediante la venta a granel y la utilizaci\u00f3n de envases retornables para fomentar relaciones de confianza entre quienes producen y consumen, ofreciendo acompa\u00f1amiento y formaci\u00f3n para mejorar la calidad de vida de nuestra comunidad.<\/p>\n\n\n\n<p><strong>\u00a0Visi\u00f3n:<\/strong><\/p>\n\n\n\n<p>Ser una tienda con procesos de sustentabilidad y sostenibilidad que promueva el consumo consciente, con reconocimiento por su compromiso con el medio ambiente, la salud y la econom\u00eda local, por el empleo de pr\u00e1cticas responsables, creando un impacto positivo que trascienda generaciones.<\/p>\n\n\n\n<p><strong>Nuestros valores son:<\/strong><\/p>\n\n\n\n<ul class=\"wp-block-list\">\n<li>Honestidad\u00a0<\/li>\n\n\n\n<li>Precios justos\u00a0<\/li>\n\n\n\n<li>Sensibilidad ambiental<\/li>\n\n\n\n<li>Reducci\u00f3n de desperdicios\u00a0\u00a0<\/li>\n\n\n\n<li>y el acompa\u00f1amiento hacia formas de consumo m\u00e1s sostenibles.<\/li>\n<\/ul>\n","protected":false},"excerpt":{"rendered":"<p>Misi\u00f3n: Buscamos acercar productos org\u00e1nicos, agroecol\u00f3gicos y locales, confiables y saludables, que promuevan h\u00e1bitos de consumo responsables y conscientes, procurando la reducci\u00f3n de desperdicios mediante la venta a granel y la utilizaci\u00f3n de envases retornables para fomentar relaciones de confianza entre quienes producen y consumen, ofreciendo acompa\u00f1amiento y formaci\u00f3n para mejorar la calidad de vida [&hellip;]<\/p>\n","protected":false},"author":1,"featured_media":0,"parent":0,"menu_order":0,"comment_status":"closed","ping_status":"closed","template":"","meta":{"footnotes":""},"class_list":["post-583","page","type-page","status-publish","hentry"],"_links":{"self":[{"href":"https:\/\/tlalixpan.com\/index.php?rest_route=\/wp\/v2\/pages\/583","targetHints":{"allow":["GET"]}}],"collection":[{"href":"https:\/\/tlalixpan.com\/index.php?rest_route=\/wp\/v2\/pages"}],"about":[{"href":"https:\/\/tlalixpan.com\/index.php?rest_route=\/wp\/v2\/types\/page"}],"author":[{"embeddable":true,"href":"https:\/\/tlalixpan.com\/index.php?rest_route=\/wp\/v2\/users\/1"}],"replies":[{"embeddable":true,"href":"https:\/\/tlalixpan.com\/index.php?rest_route=%2Fwp%2Fv2%2Fcomments&post=583"}],"version-history":[{"count":2,"href":"https:\/\/tlalixpan.com\/index.php?rest_route=\/wp\/v2\/pages\/583\/revisions"}],"predecessor-version":[{"id":585,"href":"https:\/\/tlalixpan.com\/index.php?rest_route=\/wp\/v2\/pages\/583\/revisions\/585"}],"wp:attachment":[{"href":"https:\/\/tlalixpan.com\/index.php?rest_route=%2Fwp%2Fv2%2Fmedia&parent=583"}],"curies":[{"name":"wp","href":"https:\/\/api.w.org\/{rel}","templated":true}]}}